{"id":2135,"date":"2024-10-17T11:02:45","date_gmt":"2024-10-17T15:02:45","guid":{"rendered":"https:\/\/projetlogementmontreal.org\/?page_id=2135"},"modified":"2024-10-24T10:58:08","modified_gmt":"2024-10-24T14:58:08","slug":"a-propos","status":"publish","type":"page","link":"https:\/\/projetlogementmontreal.org\/en\/a-propos\/","title":{"rendered":"\u00c0 propos"},"content":{"rendered":"<div class=\"banner has-hover\" id=\"banner-15019287\">\n          <div class=\"banner-inner fill\">\n        <div class=\"banner-bg fill\" >\n            <div class=\"bg fill bg-fill\"><\/div>\n                                    \n                    <\/div>\n\t\t\n        <div class=\"banner-layers container\">\n            <div class=\"fill banner-link\"><\/div>            \n   <div id=\"text-box-409044897\" class=\"text-box banner-layer x50 md-x50 lg-x50 y50 md-y50 lg-y50 res-text\">\n                                <div class=\"text-box-content text dark\">\n              \n              <div class=\"text-inner text-center\">\n                  \n<h3 class=\"uppercase\"><strong>\u00c0 propos<\/strong><\/h3>\n              <\/div>\n           <\/div>\n                            \n<style>\n#text-box-409044897 {\n  width: 60%;\n}\n#text-box-409044897 .text-box-content {\n  font-size: 100%;\n}\n<\/style>\n    <\/div>\n \n        <\/div>\n      <\/div>\n\n            \n<style>\n#banner-15019287 {\n  padding-top: 500px;\n}\n#banner-15019287 .bg.bg-loaded {\n  background-image: url(https:\/\/i0.wp.com\/projetlogementmontreal.org\/wp-content\/uploads\/2024\/05\/AdobeStock_58368809-2.jpg?fit=1020%2C680&ssl=1);\n}\n<\/style>\n  <\/div>\n\n\n<div class=\"row\"  id=\"row-1129602666\">\n\n\t<div id=\"col-134547569\" class=\"col medium-1 small-12 large-1\"  >\n\t\t\t\t<div class=\"col-inner\"  >\n\t\t\t\n\t\t\t\n\t\t<\/div>\n\t\t\t\t\t<\/div>\n\n\t\n\n\t<div id=\"col-844098059\" class=\"col medium-10 small-12 large-10\"  >\n\t\t\t\t<div class=\"col-inner\"  >\n\t\t\t\n\t\t\t\n\t<div id=\"text-2406650445\" class=\"text\">\n\t\t\n<p style=\"margin-bottom: 15px;text-align:justify\">En 2015, dans le cadre de la Strat\u00e9gie des partenariats \u00e0 la lutte contre l\u2019itin\u00e9rance (SPLI), l\u2019entente Canada-Qu\u00e9bec priorisait fortement les projets concert\u00e9s reli\u00e9s \u00e0 la Stabilit\u00e9 r\u00e9sidentielle avec accompagnement (SRA). 65% du budget de 31 500 000$ y \u00e9tait consacr\u00e9. Cette approche visait les personnes en situation d\u2019itin\u00e9rance chronique ou cyclique.<\/p>\n<p style=\"margin-bottom: 15px;text-align:justify\">C\u2019est dans cet esprit que les 4 plus grands organismes de Montr\u00e9al reli\u00e9s \u00e0 l\u2019itin\u00e9rance, soit la Maison du P\u00e8re, la Mission Bon Accueil, Old Brewery Mission et l\u2019Accueil Bonneau, se sont regroup\u00e9s pour pr\u00e9senter Projet Logement Montr\u00e9al (PLM). La Maison du P\u00e8re a d\u00e9pos\u00e9 le projet concert\u00e9 et accept\u00e9 le r\u00f4le de fiduciaire.<\/p>\n<p style=\"margin-bottom: 15px;text-align:justify\">Le recrutement de l\u2019\u00e9quipe Projet Logement Montr\u00e9al a d\u00e9but\u00e9 en septembre 2015. Pour optimiser les co\u00fbts du projet en ressources humaines, une \u00e9quipe centrale a \u00e9t\u00e9 cr\u00e9\u00e9e pour r\u00e9pondre aux besoins des quatre organismes. Elle \u00e9tait compos\u00e9e d\u2019une coordonnatrice gestionnaire, d\u2019un intervenant fiducie, d\u2019un intervenant administratif et d\u2019une \u00e9quipe d\u2019agents de logement (3 \u00e0 5 selon les ann\u00e9es) pour permettre l\u2019acc\u00e8s rapide \u00e0 un logement.<\/p>\n<p style=\"margin-bottom: 15px;text-align:justify\">Chacun des organismes \u00e9tait responsable du recrutement des participant(e)s r\u00e9pondants aux crit\u00e8res d\u2019admission et int\u00e9ress\u00e9(e)s \u00e0 s\u2019engager dans le projet. 3 \u00e0 4 gestionnaires de cas \u00e9taient attribu\u00e9s \u00e0 chaque organisme pour assurer le suivi de leurs participants respectifs.<\/p>\n<p style=\"margin-bottom: 15px;text-align:justify\">Le projet comptait un programme d\u2019aide au loyer \u00e0 la personne. Les participants avaient ainsi une grande latitude sur le choix du quartier et du type de logement.<\/p>\n<p style=\"margin-bottom: 15px;text-align:justify\">L\u2019objectif de PLM \u00e9tait de placer en logement 250 personnes en situation d\u2019itin\u00e9rance chronique en 42 mois. Apr\u00e8s 27 mois, l\u2019objectif \u00e9tait atteint.<\/p>\n<p style=\"margin-bottom: 15px;text-align:justify\">En 2018, suite aux brillants r\u00e9sultats obtenus par l\u2019\u00e9quipe PLM, le gouvernement provincial lui octroie un nouveau financement afin de permettre \u00e0 166 personnes de b\u00e9n\u00e9ficier d\u2019un logement, mais cette fois conventionn\u00e9 par l\u2019OMHM. Cette nouvelle phase du projet permet de tisser d\u2019\u00e9troites collaborations avec les \u00e9quipes du r\u00e9seau de la sant\u00e9 des 5 CIUSSS de Montr\u00e9al pour favoriser la continuit\u00e9 des services (personnes \u00e2g\u00e9es, d\u00e9pendance, sant\u00e9 mentale, etc.) et les arrimages.<\/p>\n<p style=\"margin-bottom: 15px;text-align:justify\">D\u2019autres projets ont suivi dont celui impliquant 8 organismes b\u00e9n\u00e9ficiant de logements sociaux : Le Sac \u00e0 dos, R\u00e9seau d\u2019habitation Femme, Habitation C\u00f4te-des-Neiges, La Travers\u00e9e, Le r\u00e9seau l\u2019Acad\u00e9mie, Hapopex, CAP St-Barnab\u00e9e. Ces nouvelles alliances ont permis de proposer un suivi novateur et adapt\u00e9 aux besoins des participants s\u00e9lectionn\u00e9s. Il a \u00e9galement permis de consolider les liens entre ces organismes et le r\u00e9seau de la sant\u00e9 en promouvant le travail interdisciplinaire.<\/p>\n<p style=\"margin-bottom: 15px;text-align:justify\">Projet Logement Montr\u00e9al est reconnu pour son expertise en mati\u00e8re de stabilit\u00e9 r\u00e9sidentielle avec accompagnement (RPA), \u00e0 travers le Canada, gr\u00e2ce \u00e0 sa capacit\u00e9 d\u2019adaptation, d\u2019innovation et d\u2019organisation.<\/p>\n\t\t\n<style>\n#text-2406650445 {\n  font-size: 1.25rem;\n  text-align: left;\n}\n<\/style>\n\t<\/div>\n\t\n\t\t<\/div>\n\t\t\t\t\t<\/div>\n\n\t\n\n\t<div id=\"col-604581287\" class=\"col medium-1 small-12 large-1\"  >\n\t\t\t\t<div class=\"col-inner\"  >\n\t\t\t\n\t\t\t\n\t\t<\/div>\n\t\t\t\t\t<\/div>\n\n\t\n<\/div>\n\t<section class=\"section\" id=\"section_1714745855\">\n\t\t<div class=\"bg section-bg fill bg-fill  bg-loaded\" >\n\n\t\t\t\n\t\t\t\n\t\t\t\n\n\t\t<\/div>\n\n\t\t\n\n\t\t<div class=\"section-content relative\">\n\t\t\t\n<div class=\"row\"  id=\"row-1002685154\">\n\n\t<div id=\"col-1597830262\" class=\"col small-12 large-12\"  >\n\t\t\t\t<div class=\"col-inner\"  >\n\t\t\t\n\t\t\t\n\t\t<\/div>\n\t\t\t\t\t<\/div>\n\n\t\n<\/div>\n\t\t<\/div>\n\n\t\t\n<style>\n#section_1714745855 {\n  padding-top: 30px;\n  padding-bottom: 30px;\n}\n<\/style>\n\t<\/section>","protected":false},"excerpt":{"rendered":"","protected":false},"author":241120635,"featured_media":0,"parent":0,"menu_order":0,"comment_status":"closed","ping_status":"closed","template":"page-blank.php","meta":{"_crdt_document":"","advanced_seo_description":"","jetpack_seo_html_title":"","jetpack_seo_noindex":false,"jetpack_post_was_ever_published":false,"footnotes":""},"class_list":["post-2135","page","type-page","status-publish","hentry"],"jetpack_likes_enabled":true,"jetpack_sharing_enabled":true,"jetpack_shortlink":"https:\/\/wp.me\/Pfcd5R-yr","jetpack-related-posts":[],"_links":{"self":[{"href":"https:\/\/projetlogementmontreal.org\/en\/wp-json\/wp\/v2\/pages\/2135","targetHints":{"allow":["GET"]}}],"collection":[{"href":"https:\/\/projetlogementmontreal.org\/en\/wp-json\/wp\/v2\/pages"}],"about":[{"href":"https:\/\/projetlogementmontreal.org\/en\/wp-json\/wp\/v2\/types\/page"}],"author":[{"embeddable":true,"href":"https:\/\/projetlogementmontreal.org\/en\/wp-json\/wp\/v2\/users\/241120635"}],"replies":[{"embeddable":true,"href":"https:\/\/projetlogementmontreal.org\/en\/wp-json\/wp\/v2\/comments?post=2135"}],"version-history":[{"count":7,"href":"https:\/\/projetlogementmontreal.org\/en\/wp-json\/wp\/v2\/pages\/2135\/revisions"}],"predecessor-version":[{"id":2181,"href":"https:\/\/projetlogementmontreal.org\/en\/wp-json\/wp\/v2\/pages\/2135\/revisions\/2181"}],"wp:attachment":[{"href":"https:\/\/projetlogementmontreal.org\/en\/wp-json\/wp\/v2\/media?parent=2135"}],"curies":[{"name":"wp","href":"https:\/\/api.w.org\/{rel}","templated":true}]}}